{"id":4246,"date":"2024-03-11T11:46:10","date_gmt":"2024-03-11T16:46:10","guid":{"rendered":"https:\/\/amwelding.com.co\/2024\/?page_id=4246"},"modified":"2024-06-18T19:47:02","modified_gmt":"2024-06-19T00:47:02","slug":"mol_fabricacion","status":"publish","type":"page","link":"https:\/\/amwelding.com.co\/2024\/mol_fabricacion\/","title":{"rendered":"Mol_Fabricacion"},"content":{"rendered":"\t\t<div data-elementor-type=\"wp-page\" data-elementor-id=\"4246\" class=\"elementor elementor-4246\" data-elementor-post-type=\"page\">\n\t\t\t\t<div class=\"elementor-element elementor-element-7fd1265 e-con-full elementor-hidden-mobile elementor-hidden-tablet e-flex e-con e-parent\" data-id=\"7fd1265\" data-element_type=\"container\" data-e-type=\"container\" data-settings=\"{&quot;background_background&quot;:&quot;video&quot;,&quot;background_video_link&quot;:&quot;https:\\\/\\\/youtu.be\\\/m-O88tRkLc0&quot;,&quot;background_video_start&quot;:0}\">\n\t\t<div class=\"elementor-background-video-container elementor-hidden-mobile\">\n\t\t\t\t\t\t\t<div class=\"elementor-background-video-embed\" role=\"presentation\"><\/div>\n\t\t\t\t\t\t<\/div>\t\t<div class=\"elementor-element elementor-element-27df241 animated-slow elementor-invisible elementor-widget elementor-widget-heading\" data-id=\"27df241\" data-element_type=\"widget\" data-e-type=\"widget\" data-settings=\"{&quot;_animation&quot;:&quot;fadeInUp&quot;,&quot;_animation_delay&quot;:500}\" data-widget_type=\"heading.default\">\n\t\t\t\t<div class=\"elementor-widget-container\">\n\t\t\t\t\t<h2 class=\"elementor-heading-title elementor-size-default\">FABRICACI\u00d3N<\/h2>\t\t\t\t<\/div>\n\t\t\t\t<\/div>\n\t\t\t\t<\/div>\n\t\t<div class=\"elementor-element elementor-element-0cf36a5 elementor-hidden-desktop e-flex e-con-boxed e-con e-parent\" data-id=\"0cf36a5\" data-element_type=\"container\" data-e-type=\"container\">\n\t\t\t\t\t<div class=\"e-con-inner\">\n\t\t\t\t<div class=\"elementor-element elementor-element-564fcc0 elementor-widget elementor-widget-image\" data-id=\"564fcc0\" data-element_type=\"widget\" data-e-type=\"widget\" data-widget_type=\"image.default\">\n\t\t\t\t<div class=\"elementor-widget-container\">\n\t\t\t\t\t\t\t\t\t\t\t\t\t\t\t<img fetchpriority=\"high\" decoding=\"async\" width=\"1024\" height=\"510\" src=\"https:\/\/amwelding.com.co\/2024\/wp-content\/uploads\/2024\/04\/Fabr_04-1-1024x510.jpg\" class=\"attachment-large size-large wp-image-6424\" alt=\"\" srcset=\"https:\/\/amwelding.com.co\/2024\/wp-content\/uploads\/2024\/04\/Fabr_04-1-1024x510.jpg 1024w, https:\/\/amwelding.com.co\/2024\/wp-content\/uploads\/2024\/04\/Fabr_04-1-300x149.jpg 300w, https:\/\/amwelding.com.co\/2024\/wp-content\/uploads\/2024\/04\/Fabr_04-1-768x382.jpg 768w, https:\/\/amwelding.com.co\/2024\/wp-content\/uploads\/2024\/04\/Fabr_04-1-1536x765.jpg 1536w, https:\/\/amwelding.com.co\/2024\/wp-content\/uploads\/2024\/04\/Fabr_04-1-2048x1020.jpg 2048w\" sizes=\"(max-width: 1024px) 100vw, 1024px\" \/>\t\t\t\t\t\t\t\t\t\t\t\t\t\t\t<\/div>\n\t\t\t\t<\/div>\n\t\t\t\t<div class=\"elementor-element elementor-element-8c131e9 elementor-widget elementor-widget-heading\" data-id=\"8c131e9\" data-element_type=\"widget\" data-e-type=\"widget\" data-widget_type=\"heading.default\">\n\t\t\t\t<div class=\"elementor-widget-container\">\n\t\t\t\t\t<h2 class=\"elementor-heading-title elementor-size-default\">FABRICACI\u00d3N<\/h2>\t\t\t\t<\/div>\n\t\t\t\t<\/div>\n\t\t\t\t\t<\/div>\n\t\t\t\t<\/div>\n\t\t<div class=\"elementor-element elementor-element-f3a4cc5 e-flex e-con-boxed e-con e-parent\" data-id=\"f3a4cc5\" data-element_type=\"container\" data-e-type=\"container\">\n\t\t\t\t\t<div class=\"e-con-inner\">\n\t\t\t\t<div class=\"elementor-element elementor-element-c0bdaf6 elementor-widget elementor-widget-text-editor\" data-id=\"c0bdaf6\" data-element_type=\"widget\" data-e-type=\"widget\" data-widget_type=\"text-editor.default\">\n\t\t\t\t<div class=\"elementor-widget-container\">\n\t\t\t\t\t\t\t\t\t<p>Nuestros moldes combinan ingenier\u00eda especializada, desarrollo y materiales de excelente calidad, lo que nos permite realizar un acompa\u00f1amiento con personal altamente capacitado, atendiendo los requerimientos generados en todas las etapas desde el dise\u00f1o hasta la inyecci\u00f3n del producto.<\/p>\t\t\t\t\t\t\t\t<\/div>\n\t\t\t\t<\/div>\n\t\t\t\t\t<\/div>\n\t\t\t\t<\/div>\n\t\t<div class=\"elementor-element elementor-element-c68a103 e-con-full e-flex e-con e-parent\" data-id=\"c68a103\" data-element_type=\"container\" data-e-type=\"container\">\n\t\t\t\t<div class=\"elementor-element elementor-element-400b200 animated-slow elementor-invisible elementor-widget elementor-widget-image\" data-id=\"400b200\" data-element_type=\"widget\" data-e-type=\"widget\" data-settings=\"{&quot;_animation&quot;:&quot;fadeInUp&quot;,&quot;_animation_delay&quot;:300}\" data-widget_type=\"image.default\">\n\t\t\t\t<div class=\"elementor-widget-container\">\n\t\t\t\t\t\t\t\t\t\t\t\t\t\t\t<img decoding=\"async\" width=\"1024\" height=\"360\" src=\"https:\/\/amwelding.com.co\/2024\/wp-content\/uploads\/2024\/05\/Fabr_5-1024x360.jpg\" class=\"attachment-large size-large wp-image-8110\" alt=\"\" srcset=\"https:\/\/amwelding.com.co\/2024\/wp-content\/uploads\/2024\/05\/Fabr_5-1024x360.jpg 1024w, https:\/\/amwelding.com.co\/2024\/wp-content\/uploads\/2024\/05\/Fabr_5-300x106.jpg 300w, https:\/\/amwelding.com.co\/2024\/wp-content\/uploads\/2024\/05\/Fabr_5-768x270.jpg 768w, https:\/\/amwelding.com.co\/2024\/wp-content\/uploads\/2024\/05\/Fabr_5-1536x540.jpg 1536w, https:\/\/amwelding.com.co\/2024\/wp-content\/uploads\/2024\/05\/Fabr_5-2048x720.jpg 2048w\" sizes=\"(max-width: 1024px) 100vw, 1024px\" \/>\t\t\t\t\t\t\t\t\t\t\t\t\t\t\t<\/div>\n\t\t\t\t<\/div>\n\t\t\t\t<div class=\"elementor-element elementor-element-8c3ad68 animated-slow elementor-headline--style-highlight elementor-invisible elementor-widget elementor-widget-animated-headline\" data-id=\"8c3ad68\" data-element_type=\"widget\" data-e-type=\"widget\" data-settings=\"{&quot;highlighted_text&quot;:&quot; NOSOTROS?&quot;,&quot;_animation&quot;:&quot;fadeInRight&quot;,&quot;_animation_delay&quot;:20,&quot;highlight_iteration_delay&quot;:1000,&quot;headline_style&quot;:&quot;highlight&quot;,&quot;marker&quot;:&quot;circle&quot;,&quot;loop&quot;:&quot;yes&quot;,&quot;highlight_animation_duration&quot;:1200}\" data-widget_type=\"animated-headline.default\">\n\t\t\t\t<div class=\"elementor-widget-container\">\n\t\t\t\t\t\t\t<h3 class=\"elementor-headline\">\n\t\t\t\t\t<span class=\"elementor-headline-plain-text elementor-headline-text-wrapper\">MOLDES CON  <\/span>\n\t\t\t\t<span class=\"elementor-headline-dynamic-wrapper elementor-headline-text-wrapper\">\n\t\t\t\t\t<span class=\"elementor-headline-dynamic-text elementor-headline-text-active\"> NOSOTROS?<\/span>\n\t\t\t\t<\/span>\n\t\t\t\t<\/h3>\n\t\t\t\t\t\t<\/div>\n\t\t\t\t<\/div>\n\t\t\t\t<div class=\"elementor-element elementor-element-1c7d239 animated-slow elementor-invisible elementor-widget elementor-widget-heading\" data-id=\"1c7d239\" data-element_type=\"widget\" data-e-type=\"widget\" data-settings=\"{&quot;_animation&quot;:&quot;fadeInLeft&quot;,&quot;_animation_delay&quot;:20}\" data-widget_type=\"heading.default\">\n\t\t\t\t<div class=\"elementor-widget-container\">\n\t\t\t\t\t<h2 class=\"elementor-heading-title elementor-size-default\">\u00bfPOR QUE FABRICAR TUS<\/h2>\t\t\t\t<\/div>\n\t\t\t\t<\/div>\n\t\t\t\t<\/div>\n\t\t<div class=\"elementor-element elementor-element-0f65b70 e-flex e-con-boxed e-con e-parent\" data-id=\"0f65b70\" data-element_type=\"container\" data-e-type=\"container\">\n\t\t\t\t\t<div class=\"e-con-inner\">\n\t\t\t\t<div class=\"elementor-element elementor-element-4cb0c8c elementor-widget elementor-widget-text-editor\" data-id=\"4cb0c8c\" data-element_type=\"widget\" data-e-type=\"widget\" data-widget_type=\"text-editor.default\">\n\t\t\t\t<div class=\"elementor-widget-container\">\n\t\t\t\t\t\t\t\t\t<p>\u2022 Somos expertos en la fabricaci\u00f3n, inyecci\u00f3n y mantenimiento de moldes para la industria<span style=\"font-style: inherit; font-weight: inherit; text-align: var(--text-align); color: var(--ast-global-color-3);\">.<\/span><\/p>\n<p><span style=\"color: var(--ast-global-color-3); font-style: inherit; font-weight: inherit; text-align: var(--text-align);\">&nbsp;<\/span><\/p><p><span style=\"font-style: inherit; font-weight: inherit;\">\u2022 Garantizamos a nuestros clientes que recibir\u00e1n sus productos bajo condiciones, tiempos y par\u00e1metros acordados.<\/span><\/p>\t\t\t\t\t\t\t\t<\/div>\n\t\t\t\t<\/div>\n\t\t\t\t\t<\/div>\n\t\t\t\t<\/div>\n\t\t<div class=\"elementor-element elementor-element-26cc7bd elementor-hidden-tablet elementor-hidden-mobile e-flex e-con-boxed e-con e-parent\" data-id=\"26cc7bd\" data-element_type=\"container\" data-e-type=\"container\">\n\t\t\t\t\t<div class=\"e-con-inner\">\n\t\t\t\t\t<\/div>\n\t\t\t\t<\/div>\n\t\t<div class=\"elementor-element elementor-element-4a3fb73 elementor-hidden-desktop e-flex e-con-boxed e-con e-parent\" data-id=\"4a3fb73\" data-element_type=\"container\" data-e-type=\"container\">\n\t\t\t\t\t<div class=\"e-con-inner\">\n\t\t\t\t<div class=\"elementor-element elementor-element-b1c5344 elementor-widget elementor-widget-image\" data-id=\"b1c5344\" data-element_type=\"widget\" data-e-type=\"widget\" data-widget_type=\"image.default\">\n\t\t\t\t<div class=\"elementor-widget-container\">\n\t\t\t\t\t\t\t\t\t\t\t\t\t\t\t<img decoding=\"async\" width=\"1024\" height=\"354\" src=\"https:\/\/amwelding.com.co\/2024\/wp-content\/uploads\/2024\/05\/Fabr_7-1024x354.jpg\" class=\"attachment-large size-large wp-image-8132\" alt=\"\" srcset=\"https:\/\/amwelding.com.co\/2024\/wp-content\/uploads\/2024\/05\/Fabr_7-1024x354.jpg 1024w, https:\/\/amwelding.com.co\/2024\/wp-content\/uploads\/2024\/05\/Fabr_7-300x104.jpg 300w, https:\/\/amwelding.com.co\/2024\/wp-content\/uploads\/2024\/05\/Fabr_7-768x266.jpg 768w, https:\/\/amwelding.com.co\/2024\/wp-content\/uploads\/2024\/05\/Fabr_7-1536x532.jpg 1536w, https:\/\/amwelding.com.co\/2024\/wp-content\/uploads\/2024\/05\/Fabr_7-2048x709.jpg 2048w\" sizes=\"(max-width: 1024px) 100vw, 1024px\" \/>\t\t\t\t\t\t\t\t\t\t\t\t\t\t\t<\/div>\n\t\t\t\t<\/div>\n\t\t\t\t\t<\/div>\n\t\t\t\t<\/div>\n\t\t<header class=\"elementor-element elementor-element-b20908a e-con-full elementor-hidden-tablet elementor-hidden-mobile e-flex e-con e-parent\" data-id=\"b20908a\" data-element_type=\"container\" data-e-type=\"container\" data-settings=\"{&quot;background_background&quot;:&quot;classic&quot;}\">\n\t\t\t\t<\/header>\n\t\t<div class=\"elementor-element elementor-element-01f4610 elementor-hidden-tablet elementor-hidden-mobile e-flex e-con-boxed e-con e-parent\" data-id=\"01f4610\" data-element_type=\"container\" data-e-type=\"container\">\n\t\t\t\t\t<div class=\"e-con-inner\">\n\t\t\t\t\t<\/div>\n\t\t\t\t<\/div>\n\t\t<div class=\"elementor-element elementor-element-b07df12 elementor-hidden-tablet elementor-hidden-mobile e-flex e-con-boxed e-con e-parent\" data-id=\"b07df12\" data-element_type=\"container\" data-e-type=\"container\">\n\t\t\t\t\t<div class=\"e-con-inner\">\n\t\t\t\t\t<\/div>\n\t\t\t\t<\/div>\n\t\t\t\t<\/div>\n\t\t","protected":false},"excerpt":{"rendered":"<p>FABRICACI\u00d3N FABRICACI\u00d3N Nuestros moldes combinan ingenier\u00eda especializada, desarrollo y materiales de excelente calidad, lo que nos permite realizar un acompa\u00f1amiento [&hellip;]<\/p>\n","protected":false},"author":1,"featured_media":0,"parent":0,"menu_order":0,"comment_status":"closed","ping_status":"closed","template":"","meta":{"_uag_custom_page_level_css":"","site-sidebar-layout":"no-sidebar","site-content-layout":"page-builder","ast-site-content-layout":"full-width-container","site-content-style":"default","site-sidebar-style":"default","ast-global-header-display":"","ast-banner-title-visibility":"","ast-main-header-display":"","ast-hfb-above-header-display":"","ast-hfb-below-header-display":"","ast-hfb-mobile-header-display":"","site-post-title":"disabled","ast-breadcrumbs-content":"","ast-featured-img":"disabled","footer-sml-layout":"","ast-disable-related-posts":"","theme-transparent-header-meta":"","adv-header-id-meta":"","stick-header-meta":"","header-above-stick-meta":"","header-main-stick-meta":"","header-below-stick-meta":"","astra-migrate-meta-layouts":"set","ast-page-background-enabled":"default","ast-page-background-meta":{"desktop":{"background-color":"var(--ast-global-color-5)","background-image":"","background-repeat":"repeat","background-position":"center center","background-size":"auto","background-attachment":"scroll","background-type":"","background-media":"","overlay-type":"","overlay-color":"","overlay-opacity":"","overlay-gradient":""},"tablet":{"background-color":"","background-image":"","background-repeat":"repeat","background-position":"center center","background-size":"auto","background-attachment":"scroll","background-type":"","background-media":"","overlay-type":"","overlay-color":"","overlay-opacity":"","overlay-gradient":""},"mobile":{"background-color":"","background-image":"","background-repeat":"repeat","background-position":"center center","background-size":"auto","background-attachment":"scroll","background-type":"","background-media":"","overlay-type":"","overlay-color":"","overlay-opacity":"","overlay-gradient":""}},"ast-content-background-meta":{"desktop":{"background-color":"var(--ast-global-color-4)","background-image":"","background-repeat":"repeat","background-position":"center center","background-size":"auto","background-attachment":"scroll","background-type":"","background-media":"","overlay-type":"","overlay-color":"","overlay-opacity":"","overlay-gradient":""},"tablet":{"background-color":"var(--ast-global-color-4)","background-image":"","background-repeat":"repeat","background-position":"center center","background-size":"auto","background-attachment":"scroll","background-type":"","background-media":"","overlay-type":"","overlay-color":"","overlay-opacity":"","overlay-gradient":""},"mobile":{"background-color":"var(--ast-global-color-4)","background-image":"","background-repeat":"repeat","background-position":"center center","background-size":"auto","background-attachment":"scroll","background-type":"","background-media":"","overlay-type":"","overlay-color":"","overlay-opacity":"","overlay-gradient":""}},"footnotes":""},"class_list":["post-4246","page","type-page","status-publish","hentry"],"yoast_head":"<!-- This site is optimized with the Yoast SEO plugin v27.3 - https:\/\/yoast.com\/product\/yoast-seo-wordpress\/ -->\n<title>Mol_Fabricacion - AM WELDING SAS<\/title>\n<meta name=\"robots\" content=\"index, follow, max-snippet:-1, max-image-preview:large, max-video-preview:-1\" \/>\n<link rel=\"canonical\" href=\"https:\/\/amwelding.com.co\/2024\/mol_fabricacion\/\" \/>\n<meta property=\"og:locale\" content=\"es_ES\" \/>\n<meta property=\"og:type\" content=\"article\" \/>\n<meta property=\"og:title\" content=\"Mol_Fabricacion - AM WELDING SAS\" \/>\n<meta property=\"og:description\" content=\"FABRICACI\u00d3N FABRICACI\u00d3N Nuestros moldes combinan ingenier\u00eda especializada, desarrollo y materiales de excelente calidad, lo que nos permite realizar un acompa\u00f1amiento [&hellip;]\" \/>\n<meta property=\"og:url\" content=\"https:\/\/amwelding.com.co\/2024\/mol_fabricacion\/\" \/>\n<meta property=\"og:site_name\" content=\"AM WELDING SAS\" \/>\n<meta property=\"article:publisher\" content=\"https:\/\/www.facebook.com\/amwelding.com.co\/?ti=as\" \/>\n<meta property=\"article:modified_time\" content=\"2024-06-19T00:47:02+00:00\" \/>\n<meta property=\"og:image\" content=\"https:\/\/amwelding.com.co\/2024\/wp-content\/uploads\/2024\/04\/Fabr_04-1-1024x510.jpg\" \/>\n<meta name=\"twitter:card\" content=\"summary_large_image\" \/>\n<meta name=\"twitter:label1\" content=\"Tiempo de lectura\" \/>\n\t<meta name=\"twitter:data1\" content=\"1 minuto\" \/>\n<script type=\"application\/ld+json\" class=\"yoast-schema-graph\">{\"@context\":\"https:\\\/\\\/schema.org\",\"@graph\":[{\"@type\":\"WebPage\",\"@id\":\"https:\\\/\\\/amwelding.com.co\\\/2024\\\/mol_fabricacion\\\/\",\"url\":\"https:\\\/\\\/amwelding.com.co\\\/2024\\\/mol_fabricacion\\\/\",\"name\":\"Mol_Fabricacion - AM WELDING SAS\",\"isPartOf\":{\"@id\":\"https:\\\/\\\/amwelding.com.co\\\/2024\\\/#website\"},\"primaryImageOfPage\":{\"@id\":\"https:\\\/\\\/amwelding.com.co\\\/2024\\\/mol_fabricacion\\\/#primaryimage\"},\"image\":{\"@id\":\"https:\\\/\\\/amwelding.com.co\\\/2024\\\/mol_fabricacion\\\/#primaryimage\"},\"thumbnailUrl\":\"https:\\\/\\\/amwelding.com.co\\\/2024\\\/wp-content\\\/uploads\\\/2024\\\/04\\\/Fabr_04-1-1024x510.jpg\",\"datePublished\":\"2024-03-11T16:46:10+00:00\",\"dateModified\":\"2024-06-19T00:47:02+00:00\",\"breadcrumb\":{\"@id\":\"https:\\\/\\\/amwelding.com.co\\\/2024\\\/mol_fabricacion\\\/#breadcrumb\"},\"inLanguage\":\"es\",\"potentialAction\":[{\"@type\":\"ReadAction\",\"target\":[\"https:\\\/\\\/amwelding.com.co\\\/2024\\\/mol_fabricacion\\\/\"]}]},{\"@type\":\"ImageObject\",\"inLanguage\":\"es\",\"@id\":\"https:\\\/\\\/amwelding.com.co\\\/2024\\\/mol_fabricacion\\\/#primaryimage\",\"url\":\"https:\\\/\\\/amwelding.com.co\\\/2024\\\/wp-content\\\/uploads\\\/2024\\\/04\\\/Fabr_04-1-scaled.jpg\",\"contentUrl\":\"https:\\\/\\\/amwelding.com.co\\\/2024\\\/wp-content\\\/uploads\\\/2024\\\/04\\\/Fabr_04-1-scaled.jpg\",\"width\":2560,\"height\":1275},{\"@type\":\"BreadcrumbList\",\"@id\":\"https:\\\/\\\/amwelding.com.co\\\/2024\\\/mol_fabricacion\\\/#breadcrumb\",\"itemListElement\":[{\"@type\":\"ListItem\",\"position\":1,\"name\":\"Portada\",\"item\":\"https:\\\/\\\/amwelding.com.co\\\/2024\\\/\"},{\"@type\":\"ListItem\",\"position\":2,\"name\":\"Mol_Fabricacion\"}]},{\"@type\":\"WebSite\",\"@id\":\"https:\\\/\\\/amwelding.com.co\\\/2024\\\/#website\",\"url\":\"https:\\\/\\\/amwelding.com.co\\\/2024\\\/\",\"name\":\"AM WELDING SAS\",\"description\":\"Fabricaci&oacute;n y mantenimiento de moldes de inyecci&oacute;n.\",\"publisher\":{\"@id\":\"https:\\\/\\\/amwelding.com.co\\\/2024\\\/#organization\"},\"alternateName\":\"Metalmecanica\",\"potentialAction\":[{\"@type\":\"SearchAction\",\"target\":{\"@type\":\"EntryPoint\",\"urlTemplate\":\"https:\\\/\\\/amwelding.com.co\\\/2024\\\/?s={search_term_string}\"},\"query-input\":{\"@type\":\"PropertyValueSpecification\",\"valueRequired\":true,\"valueName\":\"search_term_string\"}}],\"inLanguage\":\"es\"},{\"@type\":\"Organization\",\"@id\":\"https:\\\/\\\/amwelding.com.co\\\/2024\\\/#organization\",\"name\":\"AM WELDING SAS\",\"url\":\"https:\\\/\\\/amwelding.com.co\\\/2024\\\/\",\"logo\":{\"@type\":\"ImageObject\",\"inLanguage\":\"es\",\"@id\":\"https:\\\/\\\/amwelding.com.co\\\/2024\\\/#\\\/schema\\\/logo\\\/image\\\/\",\"url\":\"https:\\\/\\\/amwelding.com.co\\\/2024\\\/wp-content\\\/uploads\\\/2022\\\/10\\\/am-welding_1-1.png\",\"contentUrl\":\"https:\\\/\\\/amwelding.com.co\\\/2024\\\/wp-content\\\/uploads\\\/2022\\\/10\\\/am-welding_1-1.png\",\"width\":7077,\"height\":1771,\"caption\":\"AM WELDING SAS\"},\"image\":{\"@id\":\"https:\\\/\\\/amwelding.com.co\\\/2024\\\/#\\\/schema\\\/logo\\\/image\\\/\"},\"sameAs\":[\"https:\\\/\\\/www.facebook.com\\\/amwelding.com.co\\\/?ti=as\",\"https:\\\/\\\/www.instagram.com\\\/amweldingsas\\\/\"]}]}<\/script>\n<!-- \/ Yoast SEO plugin. -->","yoast_head_json":{"title":"Mol_Fabricacion - AM WELDING SAS","robots":{"index":"index","follow":"follow","max-snippet":"max-snippet:-1","max-image-preview":"max-image-preview:large","max-video-preview":"max-video-preview:-1"},"canonical":"https:\/\/amwelding.com.co\/2024\/mol_fabricacion\/","og_locale":"es_ES","og_type":"article","og_title":"Mol_Fabricacion - AM WELDING SAS","og_description":"FABRICACI\u00d3N FABRICACI\u00d3N Nuestros moldes combinan ingenier\u00eda especializada, desarrollo y materiales de excelente calidad, lo que nos permite realizar un acompa\u00f1amiento [&hellip;]","og_url":"https:\/\/amwelding.com.co\/2024\/mol_fabricacion\/","og_site_name":"AM WELDING SAS","article_publisher":"https:\/\/www.facebook.com\/amwelding.com.co\/?ti=as","article_modified_time":"2024-06-19T00:47:02+00:00","og_image":[{"url":"https:\/\/amwelding.com.co\/2024\/wp-content\/uploads\/2024\/04\/Fabr_04-1-1024x510.jpg","type":"","width":"","height":""}],"twitter_card":"summary_large_image","twitter_misc":{"Tiempo de lectura":"1 minuto"},"schema":{"@context":"https:\/\/schema.org","@graph":[{"@type":"WebPage","@id":"https:\/\/amwelding.com.co\/2024\/mol_fabricacion\/","url":"https:\/\/amwelding.com.co\/2024\/mol_fabricacion\/","name":"Mol_Fabricacion - AM WELDING SAS","isPartOf":{"@id":"https:\/\/amwelding.com.co\/2024\/#website"},"primaryImageOfPage":{"@id":"https:\/\/amwelding.com.co\/2024\/mol_fabricacion\/#primaryimage"},"image":{"@id":"https:\/\/amwelding.com.co\/2024\/mol_fabricacion\/#primaryimage"},"thumbnailUrl":"https:\/\/amwelding.com.co\/2024\/wp-content\/uploads\/2024\/04\/Fabr_04-1-1024x510.jpg","datePublished":"2024-03-11T16:46:10+00:00","dateModified":"2024-06-19T00:47:02+00:00","breadcrumb":{"@id":"https:\/\/amwelding.com.co\/2024\/mol_fabricacion\/#breadcrumb"},"inLanguage":"es","potentialAction":[{"@type":"ReadAction","target":["https:\/\/amwelding.com.co\/2024\/mol_fabricacion\/"]}]},{"@type":"ImageObject","inLanguage":"es","@id":"https:\/\/amwelding.com.co\/2024\/mol_fabricacion\/#primaryimage","url":"https:\/\/amwelding.com.co\/2024\/wp-content\/uploads\/2024\/04\/Fabr_04-1-scaled.jpg","contentUrl":"https:\/\/amwelding.com.co\/2024\/wp-content\/uploads\/2024\/04\/Fabr_04-1-scaled.jpg","width":2560,"height":1275},{"@type":"BreadcrumbList","@id":"https:\/\/amwelding.com.co\/2024\/mol_fabricacion\/#breadcrumb","itemListElement":[{"@type":"ListItem","position":1,"name":"Portada","item":"https:\/\/amwelding.com.co\/2024\/"},{"@type":"ListItem","position":2,"name":"Mol_Fabricacion"}]},{"@type":"WebSite","@id":"https:\/\/amwelding.com.co\/2024\/#website","url":"https:\/\/amwelding.com.co\/2024\/","name":"AM WELDING SAS","description":"Fabricaci&oacute;n y mantenimiento de moldes de inyecci&oacute;n.","publisher":{"@id":"https:\/\/amwelding.com.co\/2024\/#organization"},"alternateName":"Metalmecanica","potentialAction":[{"@type":"SearchAction","target":{"@type":"EntryPoint","urlTemplate":"https:\/\/amwelding.com.co\/2024\/?s={search_term_string}"},"query-input":{"@type":"PropertyValueSpecification","valueRequired":true,"valueName":"search_term_string"}}],"inLanguage":"es"},{"@type":"Organization","@id":"https:\/\/amwelding.com.co\/2024\/#organization","name":"AM WELDING SAS","url":"https:\/\/amwelding.com.co\/2024\/","logo":{"@type":"ImageObject","inLanguage":"es","@id":"https:\/\/amwelding.com.co\/2024\/#\/schema\/logo\/image\/","url":"https:\/\/amwelding.com.co\/2024\/wp-content\/uploads\/2022\/10\/am-welding_1-1.png","contentUrl":"https:\/\/amwelding.com.co\/2024\/wp-content\/uploads\/2022\/10\/am-welding_1-1.png","width":7077,"height":1771,"caption":"AM WELDING SAS"},"image":{"@id":"https:\/\/amwelding.com.co\/2024\/#\/schema\/logo\/image\/"},"sameAs":["https:\/\/www.facebook.com\/amwelding.com.co\/?ti=as","https:\/\/www.instagram.com\/amweldingsas\/"]}]}},"uagb_featured_image_src":{"full":false,"thumbnail":false,"medium":false,"medium_large":false,"large":false,"1536x1536":false,"2048x2048":false},"uagb_author_info":{"display_name":"admin","author_link":"https:\/\/amwelding.com.co\/2024\/author\/admin\/"},"uagb_comment_info":0,"uagb_excerpt":"FABRICACI\u00d3N FABRICACI\u00d3N Nuestros moldes combinan ingenier\u00eda especializada, desarrollo y materiales de excelente calidad, lo que nos permite realizar un acompa\u00f1amiento [&hellip;]","_links":{"self":[{"href":"https:\/\/amwelding.com.co\/2024\/wp-json\/wp\/v2\/pages\/4246","targetHints":{"allow":["GET"]}}],"collection":[{"href":"https:\/\/amwelding.com.co\/2024\/wp-json\/wp\/v2\/pages"}],"about":[{"href":"https:\/\/amwelding.com.co\/2024\/wp-json\/wp\/v2\/types\/page"}],"author":[{"embeddable":true,"href":"https:\/\/amwelding.com.co\/2024\/wp-json\/wp\/v2\/users\/1"}],"replies":[{"embeddable":true,"href":"https:\/\/amwelding.com.co\/2024\/wp-json\/wp\/v2\/comments?post=4246"}],"version-history":[{"count":719,"href":"https:\/\/amwelding.com.co\/2024\/wp-json\/wp\/v2\/pages\/4246\/revisions"}],"predecessor-version":[{"id":11561,"href":"https:\/\/amwelding.com.co\/2024\/wp-json\/wp\/v2\/pages\/4246\/revisions\/11561"}],"wp:attachment":[{"href":"https:\/\/amwelding.com.co\/2024\/wp-json\/wp\/v2\/media?parent=4246"}],"curies":[{"name":"wp","href":"https:\/\/api.w.org\/{rel}","templated":true}]}}