{"id":2830,"date":"2024-02-14T21:35:16","date_gmt":"2024-02-15T02:35:16","guid":{"rendered":"https:\/\/amwelding.com.co\/2024\/?page_id=2830"},"modified":"2024-06-11T02:00:47","modified_gmt":"2024-06-11T07:00:47","slug":"politica","status":"publish","type":"page","link":"https:\/\/amwelding.com.co\/2024\/politica\/","title":{"rendered":"Politica"},"content":{"rendered":"\t\t<div data-elementor-type=\"wp-page\" data-elementor-id=\"2830\" class=\"elementor elementor-2830\" data-elementor-post-type=\"page\">\n\t\t\t\t<div class=\"elementor-element elementor-element-1702e575 e-flex e-con-boxed e-con e-parent\" data-id=\"1702e575\" data-element_type=\"container\" data-e-type=\"container\" data-settings=\"{&quot;background_background&quot;:&quot;classic&quot;}\">\n\t\t\t\t\t<div class=\"e-con-inner\">\n\t\t\t\t<div class=\"elementor-element elementor-element-7cbf5eb0 elementor-widget__width-initial elementor-widget elementor-widget-heading\" data-id=\"7cbf5eb0\" data-element_type=\"widget\" data-e-type=\"widget\" data-settings=\"{&quot;_animation_mobile&quot;:&quot;fadeInRight&quot;}\" data-widget_type=\"heading.default\">\n\t\t\t\t<div class=\"elementor-widget-container\">\n\t\t\t\t\t<h2 class=\"elementor-heading-title elementor-size-default\">POLITICA TRATAMIENTO DE DATOS<\/h2>\t\t\t\t<\/div>\n\t\t\t\t<\/div>\n\t\t\t\t\t<\/div>\n\t\t\t\t<\/div>\n\t\t<div class=\"elementor-element elementor-element-7b474b1 e-flex e-con-boxed e-con e-parent\" data-id=\"7b474b1\" data-element_type=\"container\" data-e-type=\"container\">\n\t\t\t\t\t<div class=\"e-con-inner\">\n\t\t<div class=\"elementor-element elementor-element-03d0e09 e-flex e-con-boxed e-con e-child\" data-id=\"03d0e09\" data-element_type=\"container\" data-e-type=\"container\">\n\t\t\t\t\t<div class=\"e-con-inner\">\n\t\t\t\t\t<\/div>\n\t\t\t\t<\/div>\n\t\t\t\t\t<\/div>\n\t\t\t\t<\/div>\n\t\t<div class=\"elementor-element elementor-element-b8c39b3 e-flex e-con-boxed e-con e-parent\" data-id=\"b8c39b3\" data-element_type=\"container\" data-e-type=\"container\">\n\t\t\t\t\t<div class=\"e-con-inner\">\n\t\t<div class=\"elementor-element elementor-element-0edaf0c e-flex e-con-boxed e-con e-child\" data-id=\"0edaf0c\" data-element_type=\"container\" data-e-type=\"container\">\n\t\t\t\t\t<div class=\"e-con-inner\">\n\t\t\t\t<div class=\"elementor-element elementor-element-7bb3dac elementor-widget elementor-widget-heading\" data-id=\"7bb3dac\" data-element_type=\"widget\" data-e-type=\"widget\" data-widget_type=\"heading.default\">\n\t\t\t\t<div class=\"elementor-widget-container\">\n\t\t\t\t\t<h2 class=\"elementor-heading-title elementor-size-default\">POL\u00cdTICA DE TRATAMIENTO DE DATOS\n\n<br>AM WELDING SAS<\/h2>\t\t\t\t<\/div>\n\t\t\t\t<\/div>\n\t\t\t\t<div class=\"elementor-element elementor-element-cc1dc46 elementor-widget elementor-widget-text-editor\" data-id=\"cc1dc46\" data-element_type=\"widget\" data-e-type=\"widget\" data-widget_type=\"text-editor.default\">\n\t\t\t\t<div class=\"elementor-widget-container\">\n\t\t\t\t\t\t\t\t\t<p>La presente pol\u00edtica tiene como finalidad dar cumplimiento a lo establecido bajo la ley 1581 de 2012 de habeas data y con esto garantizar el tratamiento de los datos personales obtenidos e incluidos en la base de datos de&nbsp; AM WELDING SAS para el desarrollo netamente de su actividad econ\u00f3mica y objeto social.<\/p><p><br><\/p>\n<p id=\"u77379-10\"><strong><span id=\"u77379-9\">RECOLECCI\u00d3N<\/span><\/strong><\/p><p id=\"u77379-10\"><strong><span><br><\/span><\/strong><\/p>\n<p>\u2022 La recolecci\u00f3n de sus datos personales obedece estrictamente para el funcionamiento del desarrollo de actividades, contable, administrativo y dem\u00e1s actividades de la empresa (facturaci\u00f3n, remisiones, \u00f3rdenes de compra, notas contables, contrataci\u00f3n, cotizaciones, entregas y dem\u00e1s inherentes del objeto comercial).<\/p>\n<p>\u2022 La recolecci\u00f3n de la informaci\u00f3n de sus datos personales se realizara \u00fanicamente bajo la supervisi\u00f3n y previo conocimiento suyo, por el personal autorizado de AM WELDING SAS.<\/p><p><br><\/p>\n<p id=\"u77379-18\"><strong><span id=\"u77379-17\">USO DE LA INFORMACI\u00d3N<\/span><\/strong><\/p><p id=\"u77379-18\"><strong><span><br><\/span><\/strong><\/p>\n<p>\u2022 La informaci\u00f3n obtenida por AM WELDING SAS ser\u00e1 almacenada y archivada bajo estrictas medidas de seguridad que garanticen la protecci\u00f3n de sus datos y no incurran en ning\u00fan tipo de divulgaci\u00f3n de su buen nombre y honra.<\/p>\n<p>\u2022 Cuando se considere que la informaci\u00f3n contenida en la base de datos debe ser objeto de correcci\u00f3n, actualizaci\u00f3n o supresi\u00f3n, se dispondr\u00e1 del correo electr\u00f3nico info@amwelding.com.co para su modificaci\u00f3n, garantizando que no exista otro medio para este fin.&nbsp; La informaci\u00f3n suministrada por otro medio no nos responsabiliza de su buen manejo.<\/p><p><br><\/p>\n<p id=\"u77379-26\"><strong><span id=\"u77379-25\">CONTROL DE LA INFORMACION<\/span><\/strong><\/p><p id=\"u77379-26\"><strong><span><br><\/span><\/strong><\/p>\n<p>\u2022 En cualquier momento usted puede restringir la recopilaci\u00f3n o el uso de la informaci\u00f3n personal que es proporcionada.<\/p>\n<p>\u2022 En ning\u00fan caso la informaci\u00f3n suministrada podr\u00e1 ser publicada y\/o divulgada a terceros excepto s\u00ed es autorizada expresamente el titular de la misma.<\/p>\n<p>\u2022 No se vender\u00e1, ceder\u00e1 ni distribuir\u00e1 la informaci\u00f3n personal que es recopilada sin su consen-timiento, salvo que sea requerido por un juez con un orden judicial.<\/p>\n<p>\u201cEN CUMPLIMIENTO A LA LEY 1581 DE 2012 Y A LO DISPUESTO POR LAS DIRECTRICES DE TRATAMIENTO, PRIVACIDAD Y PROTECCION DE DATOS PERSONALES DE AM WELDING SAS, INFORMAMOS QUE EN LAS INSTALACIONES USTED ESTA SIENDO MONITOREADO POR UN SISTEMA DE CAMARAS DE VIGILANCIA.<\/p>\n<p>Adicional informamos que nuestra pol\u00edtica de privacidad de datos podr\u00e1 ser consultada en nuestra p\u00e1gina web www.amwelding.com.co, nos reservamos el derecho de cambiar los t\u00e9rminos de la presente Pol\u00edtica de Privacidad en cualquier momento.<\/p>\t\t\t\t\t\t\t\t<\/div>\n\t\t\t\t<\/div>\n\t\t\t\t\t<\/div>\n\t\t\t\t<\/div>\n\t\t\t\t\t<\/div>\n\t\t\t\t<\/div>\n\t\t\t\t<\/div>\n\t\t","protected":false},"excerpt":{"rendered":"<p>POLITICA TRATAMIENTO DE DATOS POL\u00cdTICA DE TRATAMIENTO DE DATOS AM WELDING SAS La presente pol\u00edtica tiene como finalidad dar cumplimiento [&hellip;]<\/p>\n","protected":false},"author":1,"featured_media":0,"parent":0,"menu_order":0,"comment_status":"closed","ping_status":"closed","template":"","meta":{"_uag_custom_page_level_css":"","site-sidebar-layout":"no-sidebar","site-content-layout":"page-builder","ast-site-content-layout":"full-width-container","site-content-style":"default","site-sidebar-style":"default","ast-global-header-display":"","ast-banner-title-visibility":"","ast-main-header-display":"","ast-hfb-above-header-display":"","ast-hfb-below-header-display":"","ast-hfb-mobile-header-display":"","site-post-title":"disabled","ast-breadcrumbs-content":"","ast-featured-img":"disabled","footer-sml-layout":"","ast-disable-related-posts":"","theme-transparent-header-meta":"","adv-header-id-meta":"","stick-header-meta":"","header-above-stick-meta":"","header-main-stick-meta":"","header-below-stick-meta":"","astra-migrate-meta-layouts":"set","ast-page-background-enabled":"default","ast-page-background-meta":{"desktop":{"background-color":"var(--ast-global-color-5)","background-image":"","background-repeat":"repeat","background-position":"center center","background-size":"auto","background-attachment":"scroll","background-type":"","background-media":"","overlay-type":"","overlay-color":"","overlay-opacity":"","overlay-gradient":""},"tablet":{"background-color":"","background-image":"","background-repeat":"repeat","background-position":"center center","background-size":"auto","background-attachment":"scroll","background-type":"","background-media":"","overlay-type":"","overlay-color":"","overlay-opacity":"","overlay-gradient":""},"mobile":{"background-color":"","background-image":"","background-repeat":"repeat","background-position":"center center","background-size":"auto","background-attachment":"scroll","background-type":"","background-media":"","overlay-type":"","overlay-color":"","overlay-opacity":"","overlay-gradient":""}},"ast-content-background-meta":{"desktop":{"background-color":"var(--ast-global-color-4)","background-image":"","background-repeat":"repeat","background-position":"center center","background-size":"auto","background-attachment":"scroll","background-type":"","background-media":"","overlay-type":"","overlay-color":"","overlay-opacity":"","overlay-gradient":""},"tablet":{"background-color":"var(--ast-global-color-4)","background-image":"","background-repeat":"repeat","background-position":"center center","background-size":"auto","background-attachment":"scroll","background-type":"","background-media":"","overlay-type":"","overlay-color":"","overlay-opacity":"","overlay-gradient":""},"mobile":{"background-color":"var(--ast-global-color-4)","background-image":"","background-repeat":"repeat","background-position":"center center","background-size":"auto","background-attachment":"scroll","background-type":"","background-media":"","overlay-type":"","overlay-color":"","overlay-opacity":"","overlay-gradient":""}},"footnotes":""},"class_list":["post-2830","page","type-page","status-publish","hentry"],"yoast_head":"<!-- This site is optimized with the Yoast SEO plugin v27.3 - https:\/\/yoast.com\/product\/yoast-seo-wordpress\/ -->\n<title>Politica - AM WELDING SAS<\/title>\n<meta name=\"robots\" content=\"index, follow, max-snippet:-1, max-image-preview:large, max-video-preview:-1\" \/>\n<link rel=\"canonical\" href=\"https:\/\/amwelding.com.co\/2024\/politica\/\" \/>\n<meta property=\"og:locale\" content=\"es_ES\" \/>\n<meta property=\"og:type\" content=\"article\" \/>\n<meta property=\"og:title\" content=\"Politica - AM WELDING SAS\" \/>\n<meta property=\"og:description\" content=\"POLITICA TRATAMIENTO DE DATOS POL\u00cdTICA DE TRATAMIENTO DE DATOS AM WELDING SAS La presente pol\u00edtica tiene como finalidad dar cumplimiento [&hellip;]\" \/>\n<meta property=\"og:url\" content=\"https:\/\/amwelding.com.co\/2024\/politica\/\" \/>\n<meta property=\"og:site_name\" content=\"AM WELDING SAS\" \/>\n<meta property=\"article:publisher\" content=\"https:\/\/www.facebook.com\/amwelding.com.co\/?ti=as\" \/>\n<meta property=\"article:modified_time\" content=\"2024-06-11T07:00:47+00:00\" \/>\n<meta property=\"og:image\" content=\"https:\/\/amwelding.com.co\/2024\/wp-content\/uploads\/2024\/06\/cropped-Logo_Ico4.png\" \/>\n\t<meta property=\"og:image:width\" content=\"512\" \/>\n\t<meta property=\"og:image:height\" content=\"512\" \/>\n\t<meta property=\"og:image:type\" content=\"image\/png\" \/>\n<meta name=\"twitter:card\" content=\"summary_large_image\" \/>\n<meta name=\"twitter:label1\" content=\"Tiempo de lectura\" \/>\n\t<meta name=\"twitter:data1\" content=\"2 minutos\" \/>\n<script type=\"application\/ld+json\" class=\"yoast-schema-graph\">{\"@context\":\"https:\\\/\\\/schema.org\",\"@graph\":[{\"@type\":\"WebPage\",\"@id\":\"https:\\\/\\\/amwelding.com.co\\\/2024\\\/politica\\\/\",\"url\":\"https:\\\/\\\/amwelding.com.co\\\/2024\\\/politica\\\/\",\"name\":\"Politica - AM WELDING SAS\",\"isPartOf\":{\"@id\":\"https:\\\/\\\/amwelding.com.co\\\/2024\\\/#website\"},\"datePublished\":\"2024-02-15T02:35:16+00:00\",\"dateModified\":\"2024-06-11T07:00:47+00:00\",\"breadcrumb\":{\"@id\":\"https:\\\/\\\/amwelding.com.co\\\/2024\\\/politica\\\/#breadcrumb\"},\"inLanguage\":\"es\",\"potentialAction\":[{\"@type\":\"ReadAction\",\"target\":[\"https:\\\/\\\/amwelding.com.co\\\/2024\\\/politica\\\/\"]}]},{\"@type\":\"BreadcrumbList\",\"@id\":\"https:\\\/\\\/amwelding.com.co\\\/2024\\\/politica\\\/#breadcrumb\",\"itemListElement\":[{\"@type\":\"ListItem\",\"position\":1,\"name\":\"Portada\",\"item\":\"https:\\\/\\\/amwelding.com.co\\\/2024\\\/\"},{\"@type\":\"ListItem\",\"position\":2,\"name\":\"Politica\"}]},{\"@type\":\"WebSite\",\"@id\":\"https:\\\/\\\/amwelding.com.co\\\/2024\\\/#website\",\"url\":\"https:\\\/\\\/amwelding.com.co\\\/2024\\\/\",\"name\":\"AM WELDING SAS\",\"description\":\"Fabricaci&oacute;n y mantenimiento de moldes de inyecci&oacute;n.\",\"publisher\":{\"@id\":\"https:\\\/\\\/amwelding.com.co\\\/2024\\\/#organization\"},\"alternateName\":\"Metalmecanica\",\"potentialAction\":[{\"@type\":\"SearchAction\",\"target\":{\"@type\":\"EntryPoint\",\"urlTemplate\":\"https:\\\/\\\/amwelding.com.co\\\/2024\\\/?s={search_term_string}\"},\"query-input\":{\"@type\":\"PropertyValueSpecification\",\"valueRequired\":true,\"valueName\":\"search_term_string\"}}],\"inLanguage\":\"es\"},{\"@type\":\"Organization\",\"@id\":\"https:\\\/\\\/amwelding.com.co\\\/2024\\\/#organization\",\"name\":\"AM WELDING SAS\",\"url\":\"https:\\\/\\\/amwelding.com.co\\\/2024\\\/\",\"logo\":{\"@type\":\"ImageObject\",\"inLanguage\":\"es\",\"@id\":\"https:\\\/\\\/amwelding.com.co\\\/2024\\\/#\\\/schema\\\/logo\\\/image\\\/\",\"url\":\"https:\\\/\\\/amwelding.com.co\\\/2024\\\/wp-content\\\/uploads\\\/2022\\\/10\\\/am-welding_1-1.png\",\"contentUrl\":\"https:\\\/\\\/amwelding.com.co\\\/2024\\\/wp-content\\\/uploads\\\/2022\\\/10\\\/am-welding_1-1.png\",\"width\":7077,\"height\":1771,\"caption\":\"AM WELDING SAS\"},\"image\":{\"@id\":\"https:\\\/\\\/amwelding.com.co\\\/2024\\\/#\\\/schema\\\/logo\\\/image\\\/\"},\"sameAs\":[\"https:\\\/\\\/www.facebook.com\\\/amwelding.com.co\\\/?ti=as\",\"https:\\\/\\\/www.instagram.com\\\/amweldingsas\\\/\"]}]}<\/script>\n<!-- \/ Yoast SEO plugin. -->","yoast_head_json":{"title":"Politica - AM WELDING SAS","robots":{"index":"index","follow":"follow","max-snippet":"max-snippet:-1","max-image-preview":"max-image-preview:large","max-video-preview":"max-video-preview:-1"},"canonical":"https:\/\/amwelding.com.co\/2024\/politica\/","og_locale":"es_ES","og_type":"article","og_title":"Politica - AM WELDING SAS","og_description":"POLITICA TRATAMIENTO DE DATOS POL\u00cdTICA DE TRATAMIENTO DE DATOS AM WELDING SAS La presente pol\u00edtica tiene como finalidad dar cumplimiento [&hellip;]","og_url":"https:\/\/amwelding.com.co\/2024\/politica\/","og_site_name":"AM WELDING SAS","article_publisher":"https:\/\/www.facebook.com\/amwelding.com.co\/?ti=as","article_modified_time":"2024-06-11T07:00:47+00:00","og_image":[{"width":512,"height":512,"url":"https:\/\/amwelding.com.co\/2024\/wp-content\/uploads\/2024\/06\/cropped-Logo_Ico4.png","type":"image\/png"}],"twitter_card":"summary_large_image","twitter_misc":{"Tiempo de lectura":"2 minutos"},"schema":{"@context":"https:\/\/schema.org","@graph":[{"@type":"WebPage","@id":"https:\/\/amwelding.com.co\/2024\/politica\/","url":"https:\/\/amwelding.com.co\/2024\/politica\/","name":"Politica - AM WELDING SAS","isPartOf":{"@id":"https:\/\/amwelding.com.co\/2024\/#website"},"datePublished":"2024-02-15T02:35:16+00:00","dateModified":"2024-06-11T07:00:47+00:00","breadcrumb":{"@id":"https:\/\/amwelding.com.co\/2024\/politica\/#breadcrumb"},"inLanguage":"es","potentialAction":[{"@type":"ReadAction","target":["https:\/\/amwelding.com.co\/2024\/politica\/"]}]},{"@type":"BreadcrumbList","@id":"https:\/\/amwelding.com.co\/2024\/politica\/#breadcrumb","itemListElement":[{"@type":"ListItem","position":1,"name":"Portada","item":"https:\/\/amwelding.com.co\/2024\/"},{"@type":"ListItem","position":2,"name":"Politica"}]},{"@type":"WebSite","@id":"https:\/\/amwelding.com.co\/2024\/#website","url":"https:\/\/amwelding.com.co\/2024\/","name":"AM WELDING SAS","description":"Fabricaci&oacute;n y mantenimiento de moldes de inyecci&oacute;n.","publisher":{"@id":"https:\/\/amwelding.com.co\/2024\/#organization"},"alternateName":"Metalmecanica","potentialAction":[{"@type":"SearchAction","target":{"@type":"EntryPoint","urlTemplate":"https:\/\/amwelding.com.co\/2024\/?s={search_term_string}"},"query-input":{"@type":"PropertyValueSpecification","valueRequired":true,"valueName":"search_term_string"}}],"inLanguage":"es"},{"@type":"Organization","@id":"https:\/\/amwelding.com.co\/2024\/#organization","name":"AM WELDING SAS","url":"https:\/\/amwelding.com.co\/2024\/","logo":{"@type":"ImageObject","inLanguage":"es","@id":"https:\/\/amwelding.com.co\/2024\/#\/schema\/logo\/image\/","url":"https:\/\/amwelding.com.co\/2024\/wp-content\/uploads\/2022\/10\/am-welding_1-1.png","contentUrl":"https:\/\/amwelding.com.co\/2024\/wp-content\/uploads\/2022\/10\/am-welding_1-1.png","width":7077,"height":1771,"caption":"AM WELDING SAS"},"image":{"@id":"https:\/\/amwelding.com.co\/2024\/#\/schema\/logo\/image\/"},"sameAs":["https:\/\/www.facebook.com\/amwelding.com.co\/?ti=as","https:\/\/www.instagram.com\/amweldingsas\/"]}]}},"uagb_featured_image_src":{"full":false,"thumbnail":false,"medium":false,"medium_large":false,"large":false,"1536x1536":false,"2048x2048":false},"uagb_author_info":{"display_name":"admin","author_link":"https:\/\/amwelding.com.co\/2024\/author\/admin\/"},"uagb_comment_info":0,"uagb_excerpt":"POLITICA TRATAMIENTO DE DATOS POL\u00cdTICA DE TRATAMIENTO DE DATOS AM WELDING SAS La presente pol\u00edtica tiene como finalidad dar cumplimiento [&hellip;]","_links":{"self":[{"href":"https:\/\/amwelding.com.co\/2024\/wp-json\/wp\/v2\/pages\/2830","targetHints":{"allow":["GET"]}}],"collection":[{"href":"https:\/\/amwelding.com.co\/2024\/wp-json\/wp\/v2\/pages"}],"about":[{"href":"https:\/\/amwelding.com.co\/2024\/wp-json\/wp\/v2\/types\/page"}],"author":[{"embeddable":true,"href":"https:\/\/amwelding.com.co\/2024\/wp-json\/wp\/v2\/users\/1"}],"replies":[{"embeddable":true,"href":"https:\/\/amwelding.com.co\/2024\/wp-json\/wp\/v2\/comments?post=2830"}],"version-history":[{"count":28,"href":"https:\/\/amwelding.com.co\/2024\/wp-json\/wp\/v2\/pages\/2830\/revisions"}],"predecessor-version":[{"id":10717,"href":"https:\/\/amwelding.com.co\/2024\/wp-json\/wp\/v2\/pages\/2830\/revisions\/10717"}],"wp:attachment":[{"href":"https:\/\/amwelding.com.co\/2024\/wp-json\/wp\/v2\/media?parent=2830"}],"curies":[{"name":"wp","href":"https:\/\/api.w.org\/{rel}","templated":true}]}}